{"id":18098,"date":"2021-01-11T03:01:45","date_gmt":"2021-01-11T02:01:45","guid":{"rendered":"https:\/\/finca-casa-mas.com\/?page_id=18098"},"modified":"2024-12-16T19:12:52","modified_gmt":"2024-12-16T18:12:52","slug":"one-page","status":"publish","type":"page","link":"https:\/\/finca-casa-mas.com\/es\/one-page\/","title":{"rendered":"T\u00e9rminos y condiciones"},"content":{"rendered":"<p><section id=\"home\" class=\"kc-elm kc-css-690637 kc_row\"><div class=\"kc-row-container\"><div class=\"kc-wrap-columns\"><div class=\"kc-elm kc-css-145350 kc_col-sm-12 kc_column kc_col-sm-12\"><div class=\"kc-col-container\">\n<div class=\"element-block-heading \">\n\t<div class=\"inner\">\t\n\t\t\n\t\t\t\t\t<h2 class=\"heading\">CONDICIONES GENERALES DE CONTRATACI\u00d3N FINCA CASA MAS<\/h2>\n\t\t\n\t\t\t<\/div>\n<\/div>\t\t<div class=\"kc-elm kc-css-839461 kc_text_block\"><\/p>\n<p><strong><em>Condiciones de reserva <\/em><\/strong><\/p>\n<p>Es imprescindible abonar el 30% para la reserva. Le rogamos nos haga llegar el recibo de pago. Una vez recibido este, su reserva estar\u00e1 garantizada.<\/p>\n<p><strong>Un mes antes de su viaje, deber\u00e1 ser abonado el monto restante por transferencia bancaria. En el caso de que usted haya reservado con menos de un mes de antelaci\u00f3n a su llegada y desee cancelar, el monto completo deber\u00e1 ser abonado de inmediato.<\/strong><\/p>\n<div class=\"kc-panel-body\">\n<div class=\"kc-elm kc-css-840921 kc_text_block\">\n<p>En <strong>temporada alta<\/strong>, la llegada\/salida s\u00f3lo es posible el <strong>s\u00e1bado<\/strong>. En <strong>temporada baja<\/strong>,\u00a0 es posible efectuar la llegada y la salida<strong> el d\u00eda que desee excepto los domingos.<\/strong><\/p>\n<\/div>\n<\/div>\n<p>Las reservas de <strong>menos de 7 noches<\/strong> s\u00f3lo se posibles <strong>en temporada baja<\/strong>, <strong>excepto en Navidad\/A\u00f1o nuevo <\/strong><strong>y Semana Santa,<\/strong> y tienen un r<strong>ecargo del 10%.<\/strong><\/p>\n<p>Si usted finaliza su estancia <strong>fuera de los tiempos acordados<\/strong>, se aplicar\u00e1n <strong>50\u20ac<\/strong> de <strong>cargos extra<\/strong>.<\/p>\n<p><strong>Los hu\u00e9spedes se comprometen a:<\/strong><\/p>\n<ul>\n<li>No acoger a otras personas en la Finca de las ya registradas.<\/li>\n<li>En caso de que se produzca un cambio de hu\u00e9spedes durante la estancia o de que se alojen nuevos hu\u00e9spedes en habitaciones que a\u00fan no se han reservado, deber\u00e1 informarse al propietario con antelaci\u00f3n por correo electr\u00f3nico, ya que deber\u00e1n rellenarse los formularios necesarios y determinarse si se generar\u00e1n costes adicionales.<\/li>\n<li>Tratar la Finca y su inventario cuidadosamente.<\/li>\n<li>Dar parte de inmediato de cualquier da\u00f1o o desperfecto ocurridos durante su estancia.<\/li>\n<li>Correr con los gastos de los da\u00f1os ocasionados.<\/li>\n<li>Dejar la Finca limpia antes de su partida: Suelos barridos y limpios, armarios limpios y <strong>sin bolsas de basura<\/strong> u otros desperdicios.<\/li>\n<\/ul>\n<p>La Finca no cuenta con <strong>mecanismos de seguridad para ni\u00f1os peque\u00f1os<\/strong>. Por eso, es el hu\u00e9sped el que debe correr con toda la responsabilidad en <strong>ni\u00f1os menores de 6 a\u00f1os y con cualquier tipo de lesi\u00f3n ocurrida<\/strong>.<\/p>\n<p>Para el caso de <strong>desperfectos en la Finca o sus instalaciones y objetos<\/strong>, habr\u00e1 un <strong>dep\u00f3sito de 500 euros<\/strong> que se devolver\u00e1 en un per\u00edodo de 14 d\u00edas si no hubiese da\u00f1os. En caso de que s\u00ed los hubiese, el dep\u00f3sito se retendr\u00e1 hasta que el seguro estime los desperfectos.<\/p>\n<p>En el caso de que sea <strong>su mascota la que cree el desperfecto<\/strong>, tanto dentro como fuera de la propiedad, ser\u00e1 <strong>el due\u00f1o del animal el que corra con la responsabilidad<\/strong>.<\/p>\n<p><strong>\u00a0<\/strong><\/p>\n<p>\n<\/div><div class=\"kc-elm kc-css-607266\" style=\"height: 20px; clear: both; width:100%;\"><\/div><div class=\"kc-elm kc-css-83668 kc_text_block\"><\/p>\n<h4>Condiciones de cancelaci\u00f3n<\/h4>\n<p>El hu\u00e9sped deber\u00e1 abonar el <strong>30% del precio total en caso de cancelaci\u00f3n<\/strong> despu\u00e9s de la reserva. Este monto equivale al pago del 30% ya abonado en el momento de la reserva.<\/p>\n<p>En caso de cancelaci\u00f3n <strong>hasta un mes antes<\/strong> de su llegada, se deber\u00e1 abonar <strong>el precio completo<\/strong>.<\/p>\n<p>Por favor, comprenda que no podemos ofrecerle una cancelaci\u00f3n gratuita.<\/p>\n<p>Le recomendamos contratar un <strong>seguro de cancelaci\u00f3n de viajes<\/strong>.<\/p>\n<p>\n<\/div><div class=\"kc-elm kc-css-552826\" style=\"height: 20px; clear: both; width:100%;\"><\/div><div class=\"kc_shortcode kc_single_image effect-default\"><img src=\"https:\/\/finca-casa-mas.com\/wp-content\/uploads\/2021\/01\/Plano-Finca-Casa-Mas.jpg\" class=\"\" alt=\"\" \/><\/div><div class=\"kc-elm kc-css-198692\" style=\"height: 20px; clear: both; width:100%;\"><\/div><\/div><\/div><\/div><\/div><\/section><section id=\"corona\" class=\"kc-elm kc-css-202011 kc_row\"><div class=\"kc-row-container\"><div class=\"kc-wrap-columns\"><div class=\"kc-elm kc-css-493274 kc_col-sm-12 kc_column kc_col-sm-12\"><div class=\"kc-col-container\"><div class=\"kc-elm kc-css-206754 kc_text_block\"><\/p>\n<p><strong><em>Medidas especiales por COVID-19<\/em><\/strong>:<\/p>\n<p>v\u00e1lido hasta el 31.12.2022<\/p>\n<p><strong>coste total<\/strong>. Esta cantidad se corresponde con la abonada el d\u00eda de la reserva.<\/p>\n<p>En caso de <strong>cancelaci\u00f3n una semana antes de su entrada<\/strong>, deber\u00e1 abonar el precio completo.<\/p>\n<p>Dado que viajar en estos momentos es bastante impredecible, cualquier reserva hecha para 2022 podr\u00e1 ser <strong>reprogramada para una fecha posterior, libre de costes extras, <\/strong>si se diese alguno de estos casos:<\/p>\n<ul>\n<li><strong>Enfermedad por Corona<\/strong> de alguno de los hu\u00e9spedes <strong>antes de la salida.<\/strong><\/li>\n<li>Una <strong>prohibici\u00f3n de viaje por parte del gobierno<\/strong>. (\u00a1No incluye advertencia de viaje!)<\/li>\n<li><strong>Cancelaci\u00f3n de vuelo<\/strong> sin alternativa ofrecida por la aerol\u00ednea.<\/li>\n<li><strong>Limitaciones de libertad de movimiento en Mallorca<\/strong> ordenadas por el gobierno. (excepto los toques de queda nocturnos)<\/li>\n<\/ul>\n<p>Por favor, comprenda que no podemos ofrecerle una cancelaci\u00f3n gratuita.<\/p>\n<p>Le recomendamos contratar un <strong>seguro de cancelaci\u00f3n de viajes<\/strong>.<\/p>\n<p>\n<\/div><div class=\"kc-elm kc-css-552647\" style=\"height: 20px; clear: both; width:100%;\"><\/div><div class=\"kc_shortcode kc_single_image effect-default\"><img src=\"https:\/\/finca-casa-mas.com\/wp-content\/uploads\/2021\/01\/Plano-Finca-Casa-Mas.jpg\" class=\"\" alt=\"\" \/><\/div><div class=\"kc-elm kc-css-895968\" style=\"height: 20px; clear: both; width:100%;\"><\/div><\/div><\/div><\/div><\/div><\/section><\/p>\n","protected":false},"excerpt":{"rendered":"","protected":false},"author":1,"featured_media":0,"parent":0,"menu_order":0,"comment_status":"closed","ping_status":"closed","template":"","meta":[],"yoast_head":"<!-- This site is optimized with the Yoast SEO plugin v15.8 - https:\/\/yoast.com\/wordpress\/plugins\/seo\/ -->\n<title>T\u00e9rminos y condiciones &middot; Finca Casa Mas<\/title>\n<meta name=\"robots\" content=\"index, follow, max-snippet:-1, max-image-preview:large, max-video-preview:-1\" \/>\n<link rel=\"canonical\" href=\"https:\/\/finca-casa-mas.com\/es\/one-page\/\" \/>\n<meta property=\"og:locale\" content=\"es_ES\" \/>\n<meta property=\"og:type\" content=\"article\" \/>\n<meta property=\"og:title\" content=\"T\u00e9rminos y condiciones &middot; Finca Casa Mas\" \/>\n<meta property=\"og:description\" content=\"CONDICIONES GENERALES DE CONTRATACI\u00d3N FINCA CASA MAS Condiciones de reserva Es imprescindible abonar el 30% para la reserva. Le rogamos nos haga llegar el recibo de pago. Una vez recibido este, su reserva estar\u00e1 garantizada. Un mes antes de su viaje, deber\u00e1 ser abonado el monto restante por transferencia bancaria. En el caso de que &hellip; Continue reading T\u00e9rminos y condiciones &rarr;\" \/>\n<meta property=\"og:url\" content=\"https:\/\/finca-casa-mas.com\/es\/one-page\/\" \/>\n<meta property=\"og:site_name\" content=\"Finca Casa Mas\" \/>\n<meta property=\"article:publisher\" content=\"https:\/\/www.facebook.com\/Finca-Casa-Mas-382070421952792\/\" \/>\n<meta property=\"article:modified_time\" content=\"2024-12-16T18:12:52+00:00\" \/>\n<meta property=\"og:image\" content=\"https:\/\/finca-casa-mas.com\/wp-content\/uploads\/2021\/01\/Plano-Finca-Casa-Mas.jpg\" \/>\n<meta name=\"twitter:card\" content=\"summary_large_image\" \/>\n<meta name=\"twitter:label1\" content=\"Tiempo de lectura\">\n\t<meta name=\"twitter:data1\" content=\"2 minutos\">\n<script type=\"application\/ld+json\" class=\"yoast-schema-graph\">{\"@context\":\"https:\/\/schema.org\",\"@graph\":[{\"@type\":\"Organization\",\"@id\":\"https:\/\/finca-casa-mas.com\/#organization\",\"name\":\"Finca Casa Mas\",\"url\":\"https:\/\/finca-casa-mas.com\/\",\"sameAs\":[\"https:\/\/www.facebook.com\/Finca-Casa-Mas-382070421952792\/\",\"https:\/\/www.instagram.com\/finca_casa_mas\/?hl=de\",\"https:\/\/www.youtube.com\/channel\/UC66cgDDL-6PukWMMe9bpwGg\"],\"logo\":{\"@type\":\"ImageObject\",\"@id\":\"https:\/\/finca-casa-mas.com\/#logo\",\"inLanguage\":\"es\",\"url\":\"https:\/\/finca-casa-mas.com\/wp-content\/uploads\/2020\/11\/logo-Casa-Mas-blk_dark-1.png\",\"width\":1417,\"height\":591,\"caption\":\"Finca Casa Mas\"},\"image\":{\"@id\":\"https:\/\/finca-casa-mas.com\/#logo\"}},{\"@type\":\"WebSite\",\"@id\":\"https:\/\/finca-casa-mas.com\/#website\",\"url\":\"https:\/\/finca-casa-mas.com\/\",\"name\":\"Finca Casa Mas\",\"description\":\"Santanyi\",\"publisher\":{\"@id\":\"https:\/\/finca-casa-mas.com\/#organization\"},\"potentialAction\":[{\"@type\":\"SearchAction\",\"target\":\"https:\/\/finca-casa-mas.com\/?s={search_term_string}\",\"query-input\":\"required name=search_term_string\"}],\"inLanguage\":\"es\"},{\"@type\":\"ImageObject\",\"@id\":\"https:\/\/finca-casa-mas.com\/es\/one-page\/#primaryimage\",\"inLanguage\":\"es\",\"url\":\"https:\/\/finca-casa-mas.com\/wp-content\/uploads\/2021\/01\/Plano-Finca-Casa-Mas.jpg\",\"width\":631,\"height\":453},{\"@type\":\"WebPage\",\"@id\":\"https:\/\/finca-casa-mas.com\/es\/one-page\/#webpage\",\"url\":\"https:\/\/finca-casa-mas.com\/es\/one-page\/\",\"name\":\"T\\u00e9rminos y condiciones &middot; Finca Casa Mas\",\"isPartOf\":{\"@id\":\"https:\/\/finca-casa-mas.com\/#website\"},\"primaryImageOfPage\":{\"@id\":\"https:\/\/finca-casa-mas.com\/es\/one-page\/#primaryimage\"},\"datePublished\":\"2021-01-11T02:01:45+00:00\",\"dateModified\":\"2024-12-16T18:12:52+00:00\",\"breadcrumb\":{\"@id\":\"https:\/\/finca-casa-mas.com\/es\/one-page\/#breadcrumb\"},\"inLanguage\":\"es\",\"potentialAction\":[{\"@type\":\"ReadAction\",\"target\":[\"https:\/\/finca-casa-mas.com\/es\/one-page\/\"]}]},{\"@type\":\"BreadcrumbList\",\"@id\":\"https:\/\/finca-casa-mas.com\/es\/one-page\/#breadcrumb\",\"itemListElement\":[{\"@type\":\"ListItem\",\"position\":1,\"item\":{\"@type\":\"WebPage\",\"@id\":\"https:\/\/finca-casa-mas.com\/es\/\",\"url\":\"https:\/\/finca-casa-mas.com\/es\/\",\"name\":\"Startseite\"}},{\"@type\":\"ListItem\",\"position\":2,\"item\":{\"@type\":\"WebPage\",\"@id\":\"https:\/\/finca-casa-mas.com\/es\/one-page\/\",\"url\":\"https:\/\/finca-casa-mas.com\/es\/one-page\/\",\"name\":\"T\\u00e9rminos y condiciones\"}}]}]}<\/script>\n<!-- \/ Yoast SEO plugin. -->","_links":{"self":[{"href":"https:\/\/finca-casa-mas.com\/es\/wp-json\/wp\/v2\/pages\/18098\/"}],"collection":[{"href":"https:\/\/finca-casa-mas.com\/es\/wp-json\/wp\/v2\/pages\/"}],"about":[{"href":"https:\/\/finca-casa-mas.com\/es\/wp-json\/wp\/v2\/types\/page\/"}],"author":[{"embeddable":true,"href":"https:\/\/finca-casa-mas.com\/es\/wp-json\/wp\/v2\/users\/1\/"}],"replies":[{"embeddable":true,"href":"https:\/\/finca-casa-mas.com\/es\/wp-json\/wp\/v2\/comments\/?post=18098"}],"version-history":[{"count":19,"href":"https:\/\/finca-casa-mas.com\/es\/wp-json\/wp\/v2\/pages\/18098\/revisions\/"}],"predecessor-version":[{"id":19557,"href":"https:\/\/finca-casa-mas.com\/es\/wp-json\/wp\/v2\/pages\/18098\/revisions\/19557\/"}],"wp:attachment":[{"href":"https:\/\/finca-casa-mas.com\/es\/wp-json\/wp\/v2\/media\/?parent=18098"}],"curies":[{"name":"wp","href":"https:\/\/api.w.org\/{rel}","templated":true}]}}