{"id":18117,"date":"2020-08-30T15:10:12","date_gmt":"2020-08-30T13:10:12","guid":{"rendered":"https:\/\/finca-casa-mas.com\/datenschutzerklaerung\/"},"modified":"2023-04-14T14:15:14","modified_gmt":"2023-04-14T12:15:14","slug":"datenschutzerklaerung","status":"publish","type":"page","link":"https:\/\/finca-casa-mas.com\/es\/datenschutzerklaerung\/","title":{"rendered":"AVISO LEGAL Y POL\u00cdTICA DE PRIVACIDAD"},"content":{"rendered":"<section class=\"kc-elm kc-css-521920 kc_row\"><div class=\"kc-row-container  kc-container\"><div class=\"kc-wrap-columns\"><div class=\"kc-elm kc-css-74604 kc_col-sm-12 kc_column kc_col-sm-12\"><div class=\"kc-col-container\">\n<div class=\"kc-elm kc-css-345249 kc-title-wrap \">\n\n\t<h1 class=\"kc_title\">AVISO LEGAL Y POL\u00cdTICA DE PRIVACIDAD<\/h1>\n<\/div>\n<div class=\"kc-elm kc-css-178038\" style=\"height: 20px; clear: both; width:100%;\"><\/div><div class=\"kc-elm kc-css-153882 kc_text_block\"><\/p>\n<h2>Qui\u00e9nes somos:<\/h2>\n<p>Susanne Pastuszyn<\/p>\n<p>Licencia de alquiler ETV N\u00ba 4833<\/p>\n<p>Cami de Son Marimon<br \/>07650 Santanyi<br \/>Espa\u00f1a<\/p>\n<p>P\u00e1gina web: <a href=\"http:\/\/www.finca-casa-mas.com\">http:\/\/www.finca-casa-mas.com<\/a><\/p>\n<p>Correo electr\u00f3nico: <a href=\"info@finca-casa-mas.com\">info@finca-casa-mas.com<\/a><\/p>\n<\/p>\n<p>Lugar de jurisdicci\u00f3n: Viena<\/p>\n<\/p>\n<p>Dise\u00f1o web: <a href=\"http:\/\/www.move-mallorca.com\">www.move-mallorca.com<\/a><\/p>\n<p>Fotos: <a href=\"http:\/\/www.mm-fotos.at\">http:\/\/www.mm-fotos.at&nbsp;<\/a><a href=\"https:\/\/tom-bendix.de\/\">https:\/\/tom-bendix.de\/<\/a><\/p>\n<p>Visita de 360\u00ba: <a href=\"http:\/\/www.mediaservice360.com\">www.mediaservice360.com<\/a><\/p>\n<h2>Responsabilidad por el contenido<\/h2>\n<p>Como proveedor de servicios, somos responsables de nuestro propio contenido en estas p\u00e1ginas de acuerdo con las leyes generales. Sin embargo, como proveedor de servicios, no estamos obligados a controlar la informaci\u00f3n transmitida o almacenada de terceros ni a investigar circunstancias que indiquen una actividad ilegal.<br \/>o para investigar circunstancias que indiquen una actividad ilegal. Las obligaciones de eliminar o bloquear el uso de la informaci\u00f3n seg\u00fan las leyes generales no se ven afectadas por esto. Sin embargo, la responsabilidad a este respecto s\u00f3lo es posible a partir del momento en que el<br \/>conocimiento de una infracci\u00f3n concreta. Si tenemos conocimiento de tales infracciones, eliminaremos el contenido correspondiente inmediatamente.<\/p>\n<h2>Responsabilidad de los enlaces<\/h2>\n<p>Nuestra oferta puede contener enlaces a sitios web externos de terceros, sobre cuyos contenidos no tenemos ninguna influencia. Por lo tanto, no podemos asumir ninguna responsabilidad por estos contenidos externos. El proveedor u operador de las p\u00e1ginas es siempre responsable del contenido de las p\u00e1ginas enlazadas. Las p\u00e1ginas enlazadas fueron revisadas para detectar posibles infracciones legales en el momento de enlazarlas. Los contenidos ilegales no eran reconocibles en el momento de la vinculaci\u00f3n.<br \/>Sin embargo, un control permanente de los contenidos de las p\u00e1ginas enlazadas no es razonable sin pruebas concretas de una violaci\u00f3n de la ley. Si tenemos conocimiento de alguna infracci\u00f3n, eliminaremos dichos enlaces inmediatamente.<br \/>dichos enlaces inmediatamente.<\/p>\n<h2>Copyright<\/h2>\n<p>El contenido y las obras creadas por los operadores del sitio, as\u00ed como todas las fotos de estas p\u00e1ginas, est\u00e1n sujetos a la legislaci\u00f3n austriaca sobre derechos de autor. La duplicaci\u00f3n, el procesamiento, la distribuci\u00f3n o cualquier forma de comercializaci\u00f3n de dicho material m\u00e1s all\u00e1 del alcance de la ley de derechos de autor requerir\u00e1 el consentimiento previo por escrito de su respectivo autor o creador.<br \/>Las descargas y copias de este sitio s\u00f3lo est\u00e1n permitidas para uso privado y no comercial. En la medida en que el contenido de este sitio no haya sido creado por el operador, se respetan los derechos de autor de terceros. En particular, los contenidos de terceros se identifican como tales. Si a pesar de ello se da cuenta de un<br \/>infracci\u00f3n de los derechos de autor, pedimos una referencia adecuada. Si tenemos conocimiento de alguna infracci\u00f3n, eliminaremos dicho contenido inmediatamente.<\/p>\n<h2>Qu\u00e9 datos personales compilamos y por qu\u00e9<\/h2>\n<h3>Comentarios<\/h3>\n<p>Cuando un visitante deja un comentario en la p\u00e1gina web, compilamos los datos mostrados en el formulario, as\u00ed como la direcci\u00f3n IP del visitante y la cadena de agente de usuario (as\u00ed se identifica el navegador), con el fin de reconocer <em>spams<\/em>.<\/p>\n<p>e su direcci\u00f3n de correo electr\u00f3nico, se puede establecer una cadena an\u00f3nima (tambi\u00e9n conocida como <em>hash<\/em>) que, a su vez, se puede transferir al servicio Gravatar para comprobar si es usted usuario del mismo. La pol\u00edtica de protecci\u00f3n de datos del servicio Gravatar la puede encontrar aqu\u00ed: <a href=\"https:\/\/automattic.com\/privacy\/\">https:\/\/automattic.com\/privacy\/<\/a>. Una vez que usted haya publicado su comentario, su foto de perfil ser\u00e1 visible p\u00fablicamente en contextos relacionados con dicho comentario.<\/p>\n<h2>Medios<\/h2>\n<p>Si es usted un usuario registrado y carga fotos o documentos a esta p\u00e1gina <em>web<\/em>, debe evitar subir fotos con localizador EXIF-GPS. Los visitantes de esta p\u00e1gina pueden bajarse fotos almacenadas en esta <em>web <\/em>y extraer su informaci\u00f3n de ubicaci\u00f3n. La informaci\u00f3n de los documentos subidos (especialmente las hojas de registro) a ella ser\u00e1n puestos a disposici\u00f3n de la Guardia Civil.<\/p>\n<h2>Formularios de contacto<\/h2>\n<p>Los datos personales de los formularios de contacto (especialmente nombre, correo electr\u00f3nico, n\u00famero de tel\u00e9fono) notificados en esta p\u00e1gina, pueden ser guardados en nuestro sistema de reservas y para el servicio al cliente por un tiempo m\u00e1ximo de un mes despu\u00e9s de su reserva o estancia. Estos datos no ser\u00e1n utilizados con prop\u00f3sitos comerciales.<\/p>\n<h2>Cookies<\/h2>\n<p>Si escribe un comentario en esta p\u00e1gina <em>web<\/em>, puede estar dando el consentimiento de guardar en <em>cookies<\/em> su nombre, su correo y su <em>web<\/em>. La ventaja de esto es que no tendr\u00e1 que rellenar estos datos de nuevo la siguiente vez que escriba un comentario. Estas <em>cookies<\/em> se guardar\u00e1n durante un a\u00f1o.<\/p>\n<p>Si usted ya posee una cuenta e inicia sesi\u00f3n en esta <em>web<\/em>, haremos uso de una <em>cookie <\/em>temporalmente para asegurarnos de que su navegador las acepta. Esta <em>cookie<\/em> no contiene datos personales y se desecha en cuanto usted cierra su navegador.<\/p>\n<p>Cuando usted inicie sesi\u00f3n, instalaremos algunas <em>cookies<\/em> para guardar sus datos de inscripci\u00f3n y opciones de visualizaci\u00f3n. Las <em>cookies<\/em> de conexi\u00f3n dejan de tener validez despu\u00e9s de 2 d\u00edas y las de opciones de visualizaci\u00f3n, despu\u00e9s de un a\u00f1o. En el caso de que elija la opci\u00f3n \u201crecordarme\u201d, se mantendr\u00e1 su registro 2 semanas. Cuando cierre sesi\u00f3n desde su cuenta, se eliminar\u00e1n las <em>cookies<\/em> de conexi\u00f3n.<\/p>\n<p>En el caso de que usted edite alg\u00fan art\u00edculo o lo publique, se grabar\u00e1 una <em>cookie<\/em> adicional en su navegador. Esta no contiene datos personales y hace referencia solo al ID de dicho art\u00edculo. La <em>cookie <\/em>caduca despu\u00e9s de un d\u00eda.<\/p>\n<p>Con la concesi\u00f3n de su consentimiento expl\u00edcitamente y si contin\u00faa utilizando nuestra <em>web<\/em>, acepta usted el uso de las <em>cookies<\/em> y de los <em>Plug-ins<\/em> siguientes:<\/p>\n<h2>Contenido&nbsp;integrados de otras <em>webs<\/em><\/h2>\n<p>Algunas aportaciones en esta p\u00e1gina <em>web<\/em> pueden tener otros contenidos (ej. Videos, fotos, art\u00edculos, etc.). Los contenidos integrados de otras <em>webs<\/em> se comportan exactamente igual que si el visitante estuviese activamente en ellas.<\/p>\n<p>Estas <em>webs<\/em> pueden compilar datos sobre usted, hacer uso de <em>cookies<\/em>, integrar servicios de ubicaci\u00f3n de terceros y registrar su interacci\u00f3n con estos contenidos integrados, si tiene una cuenta y usted est\u00e1 conectado a ella.<\/p>\n<h2>Servicios anal\u00edticos<\/h2>\n<h3>Con qui\u00e9n compartimos sus datos y cu\u00e1nto tiempo los guardamos<\/h3>\n<p>Cuando usted escribe un comentario, este se guarda junto con sus metadatos ilimitadamente. De esta manera podemos detectar y liberar autom\u00e1ticamente los comentarios de seguimiento, en lugar de mantenerlos en una cola de moderaci\u00f3n.<\/p>\n<p>En el caso de los usuarios registrados en nuestra <em>web<\/em>, guardamos adem\u00e1s la informaci\u00f3n personal ofrecida en sus perfiles de usuario. Todos ellos pueden ver en cualquier momento su informaci\u00f3n personal, cambiarla o borrarla (el nombre de usuario no puede ser modificado). Tambi\u00e9n los administradores de esta <em>web<\/em> pueden verla y cambiarla.<\/p>\n<h3>Qu\u00e9 derechos tiene usted sobre sus datos<\/h3>\n<p>Si usted posee una cuenta en esta <em>web<\/em> o ha escrito alg\u00fan comentario, puede solicitar una exportaci\u00f3n de sus datos personales; inclusive todos los datos que nos ha compartido. Adem\u00e1s, puede requerir que todos los datos personales que tenemos guardados sobre usted se borren. Esto no incluye los datos guardados por necesidades administrativas ni los de car\u00e1cter legal o relativos a la seguridad.<\/p>\n<p><strong>Ad\u00f3nde enviamos sus datos<\/strong><\/p>\n<p>Los comentarios de los usuarios pueden ser comprobados por un servicio automatizado de detecci\u00f3n de <em>spams<\/em>.<\/p>\n<h3>YOUTUBE<\/h3>\n<p>Nuestra <em>web<\/em> utiliza <em>Plug-Ins<\/em> de YouTube, gestionados por Google.<\/p>\n<p>La compa\u00f1\u00eda operadora de la p\u00e1gina es YouTube LLC, 901 Cherry Ave., San Bruno, CA 94066, USA.<\/p>\n<p>Si usted visita alguna de nuestras p\u00e1ginas que contienen <em>Plug-ins<\/em> de YouTube, se establecer\u00e1 una conexi\u00f3n con los servidores de YouTube. Con ello, se notifica al servidor de YouTube qu\u00e9 p\u00e1gina de las nuestras ha visitado usted.<\/p>\n<p>Si usted est\u00e1 conectado en su cuenta de YouTube, este puede vincular directamente su navegaci\u00f3n en l\u00ednea con su perfil personal. Puede evitarlo desconect\u00e1ndose de su cuenta de YouTube.<\/p>\n<p>Utilizamos YouTube para estructurar y organizar atrayentemente nuestra <em>web<\/em>. Esto supone un inter\u00e9s leg\u00edtimo de acuerdo con el Art\u00edculo 6, P\u00e1rrafo. 1, letra f) DSGVO.<\/p>\n<p>M\u00e1s informaci\u00f3n sobre el manejo de datos la encontrar\u00e1 en la pol\u00edtica de protecci\u00f3n de datos de YouTube:&nbsp;<a href=\"https:\/\/www.google.de\/intl\/de\/policies\/privacy\">https:\/\/www.google.de\/intl\/de\/policies\/privacy<\/a>.<\/p>\n<p><strong>Yoast SEO<\/strong><\/p>\n<p>En esta p\u00e1gina <em>web <\/em>hacemos uso de <em>plug-ins<\/em> de Yoast SEO. Se trata de una oferta de Yoast BV, Don Emanuelstraat 3, 6602 GX Wijchen, The Netherlands, Tel: +31 (0)24 82 00 337 (Chamber of Commerce \/ KvK: 55404367, VAT Number: NL851692540B01).<\/p>\n<p>Este <em>plug-in<\/em> se encarga por completo de la optimizaci\u00f3n t\u00e9cnica de nuestra <em>web <\/em>para buscadores. As\u00ed mismo, da soporte al desarrollo de contenidos. Para m\u00e1s informaci\u00f3n, consulte las advertencias de protecci\u00f3n de datos de Yoast BV: <a href=\"https:\/\/yoast.com\/privacy-policy\/\">https:\/\/yoast.com\/privacy-policy\/<\/a>&nbsp;<\/p>\n<p>Usted puede bloquear el almacenamiento de las <em>cookies<\/em> modificando los ajustes en su navegador. Le hacemos saber, sin embargo, que puede que de este modo usted est\u00e9 desactivando algunas de las funciones de esta <em>web<\/em>.<\/p>\n<h3>Google Search Console<\/h3>\n<p><strong><br \/><\/strong>Nuestra <em>web<\/em> utiliza&nbsp;<strong>Google Search Console, <\/strong>la consola de b\u00fasqueda de Google. El an\u00e1lisis de b\u00fasqueda muestra con qu\u00e9 frecuencia aparece nuestra <em>web<\/em> entre los resultados de b\u00fasqueda en Google. As\u00ed podemos filtrar los datos y agruparlos, por ejemplo, por categor\u00edas como tipo de b\u00fasqueda, fecha o tipo de dispositivo. Los resultados son utilizados \u00fanicamente para mejorar los resultados de b\u00fasqueda de nuestra <em>web<\/em>.<\/p>\n<p>Usted entiende y acepta que la ley de protecci\u00f3n de datos de Google <a href=\"http:\/\/www.google.de\/privacy.html\">http:\/\/www.google.de\/privacy.html<\/a>) se aplica y que, con su uso, da su consentimiento a Google para utilizar sus datos personales de acuerdo con su ley de protecci\u00f3n de datos.<\/p>\n<h3>Google Maps<\/h3>\n<p>Este sitio web utiliza Google Maps para mostrar mapas interactivos y crear direcciones. Google Maps es un servicio de mapas proporcionado por Google Inc, 1600 Amphitheatre Parkway, Mountain View, California 94043, USA. Al utilizar Google Maps, la informaci\u00f3n sobre el uso de este sitio web, incluida su direcci\u00f3n IP y la direcci\u00f3n (de partida) introducida como parte de la funci\u00f3n de planificador de rutas, puede ser transmitida a Google en los Estados Unidos. Cuando accede a una p\u00e1gina web de nuestro sitio que contiene Google Maps, su navegador establece una conexi\u00f3n directa con los servidores de Google. El contenido del mapa es transmitido por Google directamente a su navegador, que lo integra en el sitio web. Por lo tanto, no tenemos ninguna influencia sobre el alcance de los datos recogidos por Google de esta manera. Seg\u00fan nuestros conocimientos, se trata al menos de los siguientes datos:<\/p>\n<p>Fecha y hora de la visita al sitio web en cuesti\u00f3n,<br \/>Direcci\u00f3n de Internet o URL del sitio web al que se ha accedido,<br \/>Direcci\u00f3n IP, direcci\u00f3n (inicial) introducida como parte de la planificaci\u00f3n de la ruta.<br \/>No tenemos ninguna influencia en el procesamiento y uso posterior de los datos por parte de Google y, por lo tanto, no podemos aceptar ninguna responsabilidad al respecto.<br \/>Si no desea que Google recopile, procese o utilice datos sobre usted a trav\u00e9s de nuestro sitio web, puede desactivar JavaScript en la configuraci\u00f3n de su navegador. En este caso, sin embargo, no podr\u00e1 utilizar la visualizaci\u00f3n del mapa.<br \/>La finalidad y el alcance de la recopilaci\u00f3n de datos y el posterior procesamiento y uso de los mismos por parte de Google, as\u00ed como sus derechos al respecto y las opciones de configuraci\u00f3n para proteger su privacidad, se pueden consultar en la informaci\u00f3n sobre protecci\u00f3n de datos de Google (https:\/\/policies.google.com\/privacy?hl=de).<br \/>Al utilizar nuestro sitio web, usted consiente el tratamiento de sus datos por parte de Google Maps Route Planner en la forma y para los fines arriba indicados.<\/p>\n<h3>Google Web Fonts<\/h3>\n<p>Para la visualizaci\u00f3n uniforme de las fuentes, este sitio utiliza fuentes web proporcionadas por Google. Al abrir una p\u00e1gina, el navegador carga las fuentes web necesarias en la cach\u00e9 del navegador para poder mostrar correctamente los textos y las fuentes.<\/p>\n<p>Para ello, el navegador debe establecer una conexi\u00f3n directa con los servidores de Google. De este modo, Google recibe la informaci\u00f3n de que se ha accedido a nuestro sitio web a trav\u00e9s de su direcci\u00f3n IP. El uso de Google Web Fonts es en inter\u00e9s de una presentaci\u00f3n uniforme y atractiva de nuestro plugin. Esto representa un inter\u00e9s leg\u00edtimo en el sentido del art. 6 (1) f) de la DSGVO.<\/p>\n<p>Si su navegador no admite fuentes web, se utilizar\u00e1 una fuente est\u00e1ndar de su ordenador.<\/p>\n<p>Para m\u00e1s informaci\u00f3n sobre el tratamiento de los datos de los usuarios, visite https:\/\/developers.google.com\/fonts\/faq y la pol\u00edtica de privacidad de Google en https:\/\/www.google.com\/policies\/privacy\/.<\/p>\n<h3>Traducciones de WPML<\/h3>\n<p>WPML utiliza <em>cookies<\/em> para determinar el idioma de la localizaci\u00f3n del usuario en el momento de uso, los idiomas usados con anterioridad y los idiomas de los usuarios que se han conectado.<\/p>\n<p>WPML comparte los datos relacionados con la p\u00e1gina a trav\u00e9s del archivo de instalaci\u00f3n, pero con ello no se comparten datos del usuario.<\/p>\n<p><!-- \/wp:paragraph --><\/p>\n<p>\n<\/div><\/div><\/div><\/div><\/div><\/section>\n","protected":false},"excerpt":{"rendered":"","protected":false},"author":1,"featured_media":0,"parent":0,"menu_order":0,"comment_status":"closed","ping_status":"open","template":"","meta":[],"yoast_head":"<!-- This site is optimized with the Yoast SEO plugin v15.8 - https:\/\/yoast.com\/wordpress\/plugins\/seo\/ -->\n<title>AVISO LEGAL Y POL\u00cdTICA DE PRIVACIDAD  &middot; Finca Casa Mas<\/title>\n<meta name=\"robots\" content=\"index, follow, max-snippet:-1, max-image-preview:large, max-video-preview:-1\" \/>\n<link rel=\"canonical\" href=\"https:\/\/finca-casa-mas.com\/es\/datenschutzerklaerung\/\" \/>\n<meta property=\"og:locale\" content=\"es_ES\" \/>\n<meta property=\"og:type\" content=\"article\" \/>\n<meta property=\"og:title\" content=\"AVISO LEGAL Y POL\u00cdTICA DE PRIVACIDAD  &middot; Finca Casa Mas\" \/>\n<meta property=\"og:description\" content=\"AVISO LEGAL Y POL\u00cdTICA DE PRIVACIDAD Qui\u00e9nes somos: Susanne Pastuszyn Licencia de alquiler ETV N\u00ba 4833 Cami de Son Marimon07650 SantanyiEspa\u00f1a P\u00e1gina web: http:\/\/www.finca-casa-mas.com Correo electr\u00f3nico: info@finca-casa-mas.com Lugar de jurisdicci\u00f3n: Viena Dise\u00f1o web: www.move-mallorca.com Fotos: http:\/\/www.mm-fotos.at&nbsp;https:\/\/tom-bendix.de\/ Visita de 360\u00ba: www.mediaservice360.com Responsabilidad por el contenido Como proveedor de servicios, somos responsables de nuestro propio contenido en &hellip; Continue reading AVISO LEGAL Y POL\u00cdTICA DE PRIVACIDAD &rarr;\" \/>\n<meta property=\"og:url\" content=\"https:\/\/finca-casa-mas.com\/es\/datenschutzerklaerung\/\" \/>\n<meta property=\"og:site_name\" content=\"Finca Casa Mas\" \/>\n<meta property=\"article:publisher\" content=\"https:\/\/www.facebook.com\/Finca-Casa-Mas-382070421952792\/\" \/>\n<meta property=\"article:modified_time\" content=\"2023-04-14T12:15:14+00:00\" \/>\n<meta property=\"og:image\" content=\"https:\/\/finca-casa-mas.com\/wp-content\/uploads\/2021\/02\/Vorschaubild.jpg\" \/>\n\t<meta property=\"og:image:width\" content=\"300\" \/>\n\t<meta property=\"og:image:height\" content=\"299\" \/>\n<meta name=\"twitter:card\" content=\"summary_large_image\" \/>\n<meta name=\"twitter:label1\" content=\"Tiempo de lectura\">\n\t<meta name=\"twitter:data1\" content=\"11 minutos\">\n<script type=\"application\/ld+json\" class=\"yoast-schema-graph\">{\"@context\":\"https:\/\/schema.org\",\"@graph\":[{\"@type\":\"Organization\",\"@id\":\"https:\/\/finca-casa-mas.com\/#organization\",\"name\":\"Finca Casa Mas\",\"url\":\"https:\/\/finca-casa-mas.com\/\",\"sameAs\":[\"https:\/\/www.facebook.com\/Finca-Casa-Mas-382070421952792\/\",\"https:\/\/www.instagram.com\/finca_casa_mas\/?hl=de\",\"https:\/\/www.youtube.com\/channel\/UC66cgDDL-6PukWMMe9bpwGg\"],\"logo\":{\"@type\":\"ImageObject\",\"@id\":\"https:\/\/finca-casa-mas.com\/#logo\",\"inLanguage\":\"es\",\"url\":\"https:\/\/finca-casa-mas.com\/wp-content\/uploads\/2020\/11\/logo-Casa-Mas-blk_dark-1.png\",\"width\":1417,\"height\":591,\"caption\":\"Finca Casa Mas\"},\"image\":{\"@id\":\"https:\/\/finca-casa-mas.com\/#logo\"}},{\"@type\":\"WebSite\",\"@id\":\"https:\/\/finca-casa-mas.com\/#website\",\"url\":\"https:\/\/finca-casa-mas.com\/\",\"name\":\"Finca Casa Mas\",\"description\":\"Santanyi\",\"publisher\":{\"@id\":\"https:\/\/finca-casa-mas.com\/#organization\"},\"potentialAction\":[{\"@type\":\"SearchAction\",\"target\":\"https:\/\/finca-casa-mas.com\/?s={search_term_string}\",\"query-input\":\"required name=search_term_string\"}],\"inLanguage\":\"es\"},{\"@type\":\"WebPage\",\"@id\":\"https:\/\/finca-casa-mas.com\/es\/datenschutzerklaerung\/#webpage\",\"url\":\"https:\/\/finca-casa-mas.com\/es\/datenschutzerklaerung\/\",\"name\":\"AVISO LEGAL Y POL\\u00cdTICA DE PRIVACIDAD &middot; Finca Casa Mas\",\"isPartOf\":{\"@id\":\"https:\/\/finca-casa-mas.com\/#website\"},\"datePublished\":\"2020-08-30T13:10:12+00:00\",\"dateModified\":\"2023-04-14T12:15:14+00:00\",\"breadcrumb\":{\"@id\":\"https:\/\/finca-casa-mas.com\/es\/datenschutzerklaerung\/#breadcrumb\"},\"inLanguage\":\"es\",\"potentialAction\":[{\"@type\":\"ReadAction\",\"target\":[\"https:\/\/finca-casa-mas.com\/es\/datenschutzerklaerung\/\"]}]},{\"@type\":\"BreadcrumbList\",\"@id\":\"https:\/\/finca-casa-mas.com\/es\/datenschutzerklaerung\/#breadcrumb\",\"itemListElement\":[{\"@type\":\"ListItem\",\"position\":1,\"item\":{\"@type\":\"WebPage\",\"@id\":\"https:\/\/finca-casa-mas.com\/es\/\",\"url\":\"https:\/\/finca-casa-mas.com\/es\/\",\"name\":\"Startseite\"}},{\"@type\":\"ListItem\",\"position\":2,\"item\":{\"@type\":\"WebPage\",\"@id\":\"https:\/\/finca-casa-mas.com\/es\/datenschutzerklaerung\/\",\"url\":\"https:\/\/finca-casa-mas.com\/es\/datenschutzerklaerung\/\",\"name\":\"AVISO LEGAL Y POL\\u00cdTICA DE PRIVACIDAD\"}}]}]}<\/script>\n<!-- \/ Yoast SEO plugin. -->","_links":{"self":[{"href":"https:\/\/finca-casa-mas.com\/es\/wp-json\/wp\/v2\/pages\/18117\/"}],"collection":[{"href":"https:\/\/finca-casa-mas.com\/es\/wp-json\/wp\/v2\/pages\/"}],"about":[{"href":"https:\/\/finca-casa-mas.com\/es\/wp-json\/wp\/v2\/types\/page\/"}],"author":[{"embeddable":true,"href":"https:\/\/finca-casa-mas.com\/es\/wp-json\/wp\/v2\/users\/1\/"}],"replies":[{"embeddable":true,"href":"https:\/\/finca-casa-mas.com\/es\/wp-json\/wp\/v2\/comments\/?post=18117"}],"version-history":[{"count":7,"href":"https:\/\/finca-casa-mas.com\/es\/wp-json\/wp\/v2\/pages\/18117\/revisions\/"}],"predecessor-version":[{"id":19352,"href":"https:\/\/finca-casa-mas.com\/es\/wp-json\/wp\/v2\/pages\/18117\/revisions\/19352\/"}],"wp:attachment":[{"href":"https:\/\/finca-casa-mas.com\/es\/wp-json\/wp\/v2\/media\/?parent=18117"}],"curies":[{"name":"wp","href":"https:\/\/api.w.org\/{rel}","templated":true}]}}