{"id":18142,"date":"2021-01-11T03:59:10","date_gmt":"2021-01-11T02:59:10","guid":{"rendered":"https:\/\/finca-casa-mas.com\/?page_id=18142"},"modified":"2021-01-21T21:36:40","modified_gmt":"2021-01-21T20:36:40","slug":"contacto","status":"publish","type":"page","link":"https:\/\/finca-casa-mas.com\/es\/contacto\/","title":{"rendered":"Contacto"},"content":{"rendered":"<p><section class=\"kc-elm kc-css-677087 kc_row\"><div class=\"kc-row-container  kc-container\"><div class=\"kc-wrap-columns\"><div class=\"kc-elm kc-css-883846 kc_col-sm-12 kc_column kc_col-sm-12\"><div class=\"kc-col-container\"><div class=\"kc-elm kc-css-885006\" style=\"height: 0px; clear: both; width:100%;\"><\/div>\n<div class=\"kc-elm kc-css-336091 kc-title-wrap \">\n\n\t<h1 class=\"kc_title\">KONTAKT<\/h1>\n<\/div>\n<div class=\"kc-elm kc-css-715567\" style=\"height: 50px; clear: both; width:100%;\"><\/div><\/div><\/div><\/div><\/div><\/section><section class=\"kc-elm kc-css-667656 kc_row\"><div class=\"kc-row-container  kc-container\"><div class=\"kc-wrap-columns\"><div class=\"kc-elm kc-css-503264 kc_col-sm-12 kc_column kc_col-sm-12\"><div class=\"kc-col-container\">\n<div class=\"element-block-heading style-center\">\n\t<div class=\"inner\">\t\n\t\t\n\t\t\t\t\t<h2 class=\"heading\">\u00a1AQU\u00cd NOS ENCONTRAR\u00c1!<\/h2>\n\t\t\n\t\t\t<\/div>\n<\/div>\t\t<div class=\"kc-elm kc-css-940644\" style=\"height: 25px; clear: both; width:100%;\"><\/div><div class=\"kc-elm kc-css-309120 kc_row kc_row_inner\"><div class=\"kc-elm kc-css-876546 kc_col-sm-3 kc_column_inner kc_col-sm-3\"><div class=\"kc_wrapper kc-col-inner-container\"><div class=\"kc-elm kc-css-661647\" style=\"height: 25px; clear: both; width:100%;\"><\/div><div class=\"kc-elm kc-css-745841 kc-icon-wrapper\">\n\t\t<a href=\"https:\/\/www.google.com\/maps?q=39.3675537109375,3.15908145904541&amp;z=17&amp;hl=de\" target=\"_blank\" title=\"\">\n\t\t<i class=\"sl-location-pin\"><\/i>\n\t\t<\/a>\n\t<\/div>\n<div class=\"kc-elm kc-css-776808\" style=\"height: 25px; clear: both; width:100%;\"><\/div>\n<div class=\"kc-elm kc-css-648630 kc-title-wrap \">\n\n\t<h4 class=\"kc_title\">DIRECCI\u00d3N:<\/h4>\n<\/div>\n<div class=\"kc-elm kc-css-25334\" style=\"height: 4px; clear: both; width:100%;\"><\/div><div class=\"kc-elm kc-css-334988 kc_text_block\"><\/p>\n<p style=\"text-align: center;\"><span style=\"color: #666666; font-family: Nunito;\">Cami de Son Marimon<\/span><br style=\"box-sizing: border-box; color: #666666; font-family: Nunito;\" \/><span style=\"color: #666666; font-family: Nunito;\">07650 Santanyi, <\/span><span style=\"color: #666666; font-family: Nunito;\">Spanien<\/span><\/p>\n<p>\n<\/div><\/div><\/div><div class=\"kc-elm kc-css-519612 kc_col-sm-3 kc_column_inner kc_col-sm-3\"><div class=\"kc_wrapper kc-col-inner-container\"><div class=\"kc-elm kc-css-756281\" style=\"height: 25px; clear: both; width:100%;\"><\/div><div class=\"kc-elm kc-css-257380 kc-icon-wrapper\">\n\t\t<a href=\"mailto:info@finca-casa-mas.com\" target=\"_blank\" title=\"\">\n\t\t<i class=\"sl-envolope\"><\/i>\n\t\t<\/a>\n\t<\/div>\n<div class=\"kc-elm kc-css-734152\" style=\"height: 25px; clear: both; width:100%;\"><\/div>\n<div class=\"kc-elm kc-css-685447 kc-title-wrap \">\n\n\t<h4 class=\"kc_title\">CORREO ELECTRONICO:<\/h4>\n<\/div>\n\n<div class=\"kc-elm kc-css-120829\">\n\t<a class=\"kc_button\" href=\"mailto:info@finca-casa-mas.com\" target=\"_blank\" title=\"\" onclick=\"\">\n\t\tinfo@finca-casa-mas.com\t<\/a>\n<\/div>\n<\/div><\/div><div class=\"kc-elm kc-css-764390 kc_col-sm-3 kc_column_inner kc_col-sm-3\"><div class=\"kc_wrapper kc-col-inner-container\"><div class=\"kc-elm kc-css-239317\" style=\"height: 25px; clear: both; width:100%;\"><\/div><div class=\"kc-elm kc-css-925983 kc-icon-wrapper\">\n\t\t<a href=\"http:\/\/facebook.com\/pg\/Finca-Casa-Mas-382070421952792\/about\/?ref=page_internal&amp;mt_nav=0\" target=\"_blank\" title=\"\">\n\t\t<i class=\"sl-social-facebook\"><\/i>\n\t\t<\/a>\n\t<\/div>\n<div class=\"kc-elm kc-css-212048\" style=\"height: 25px; clear: both; width:100%;\"><\/div>\n<div class=\"kc-elm kc-css-183381 kc-title-wrap \">\n\n\t<h4 class=\"kc_title\">FACEBOOK:<\/h4>\n<\/div>\n\n<div class=\"kc-elm kc-css-325905\">\n\t<a class=\"kc_button\" href=\"http:\/\/facebook.com\/pg\/Finca-Casa-Mas-382070421952792\/about\/?ref=page_internal&amp;mt_nav=0\" target=\"_blank\" title=\"\" onclick=\"\">\n\t\t@finca_casa_mas\t<\/a>\n<\/div>\n<\/div><\/div><div class=\"kc-elm kc-css-845064 kc_col-sm-3 kc_column_inner kc_col-sm-3\"><div class=\"kc_wrapper kc-col-inner-container\"><div class=\"kc-elm kc-css-394062\" style=\"height: 27px; clear: both; width:100%;\"><\/div><div class=\"kc-elm kc-css-820019 kc-icon-wrapper\">\n\t\t<a href=\"https:\/\/www.instagram.com\/finca_casa_mas\/?hl=de\" target=\"_blank\" title=\"\">\n\t\t<i class=\"fab-instagram\"><\/i>\n\t\t<\/a>\n\t<\/div>\n<div class=\"kc-elm kc-css-19257\" style=\"height: 27px; clear: both; width:100%;\"><\/div>\n<div class=\"kc-elm kc-css-51837 kc-title-wrap \">\n\n\t<h4 class=\"kc_title\">INSTAGRAM:<\/h4>\n<\/div>\n\n<div class=\"kc-elm kc-css-437434\">\n\t<a class=\"kc_button\" href=\"https:\/\/www.instagram.com\/finca_casa_mas\/?hl=de\" target=\"_blank\" title=\"\" onclick=\"\">\n\t\t@finca_casa_mas\t<\/a>\n<\/div>\n<\/div><\/div><\/div><\/div><\/div><\/div><\/div><\/section><section class=\"kc-elm kc-css-489531 kc_row\"><div class=\"kc-row-container\"><div class=\"kc-wrap-columns\"><div class=\"kc-elm kc-css-69260 kc_col-sm-12 kc_column kc_col-sm-12\"><div class=\"kc-col-container\"><div class=\"kc-elm kc-css-233057 kc_text_block\"><\/p>\n<p>\n<iframe loading=\"lazy\" style=\"color: #444444; font-family: &#039;Open Sans&#039;, Helvetica, Arial, sans-serif; font-size: 14px; border: 0px initial currentcolor;\" src=\"https:\/\/www.google.com\/maps\/embed?pb=!1m14!1m8!1m3!1d784938.5816936205!2d2.3989637!3d39.7808224!3m2!1i1024!2i768!4f13.1!3m3!1m2!1s0x0%3A0x0!2zMznCsDIyJzA1LjEiTiAzwrAwOSczMS40IkU!5e0!3m2!1sde!2sde!4v1459501932614\" width=\"100%\" height=\"500\" frameborder=\"0\" allowfullscreen=\"allowfullscreen\"><\/iframe><\/p>\n<p>\n<\/div><\/div><\/div><\/div><\/div><\/section><section class=\"kc-elm kc-css-925489 kc_row\"><div class=\"kc-row-container  kc-container\"><div class=\"kc-wrap-columns\"><div class=\"kc-elm kc-css-637031 kc_col-sm-4 kc_column kc_col-sm-4\"><div class=\"kc-col-container\"><\/div><\/div><div class=\"kc-elm kc-css-271823 kc_col-sm-4 kc_column kc_col-sm-4\"><div class=\"kc-col-container\">\n<div class=\"element-block-heading style-center\">\n\t<div class=\"inner\">\t\n\t\t\n\t\t\t\t\t<h2 class=\"heading\">\u00a1NOS ENCANTA SABER DE USTED!<\/h2>\n\t\t\n\t\t\t<\/div>\n<\/div>\t\t<div class=\"kc-contact-form7 kc-elm kc-css-79496\"><div role=\"form\" class=\"wpcf7\" id=\"wpcf7-f18073-o1\" lang=\"en-US\" dir=\"ltr\">\n<div class=\"screen-reader-response\"><p role=\"status\" aria-live=\"polite\" aria-atomic=\"true\"><\/p> <ul><\/ul><\/div>\n<form action=\"\/es\/wp-json\/wp\/v2\/pages\/18142\/#wpcf7-f18073-o1\" method=\"post\" class=\"wpcf7-form init\" novalidate=\"novalidate\" data-status=\"init\">\n<div style=\"display: none;\">\n<input type=\"hidden\" name=\"_wpcf7\" value=\"18073\" \/>\n<input type=\"hidden\" name=\"_wpcf7_version\" value=\"5.3.2\" \/>\n<input type=\"hidden\" name=\"_wpcf7_locale\" value=\"en_US\" \/>\n<input type=\"hidden\" name=\"_wpcf7_unit_tag\" value=\"wpcf7-f18073-o1\" \/>\n<input type=\"hidden\" name=\"_wpcf7_container_post\" value=\"0\" \/>\n<input type=\"hidden\" name=\"_wpcf7_posted_data_hash\" value=\"\" \/>\n<input type=\"hidden\" name=\"_wpcf7_recaptcha_response\" value=\"\" \/>\n<\/div>\n<div class=\"contact-form7 contact-style1\">\n<h3>Solicitud de reserva<\/h3>\n<div class=\"form-group\">\n<span class=\"wpcf7-form-control-wrap text-799\"><input type=\"text\" name=\"text-799\" value=\"\" size=\"40\" class=\"wpcf7-form-control wpcf7-text wpcf7-validates-as-required form-control\" id=\"your_name\" aria-required=\"true\" aria-invalid=\"false\" placeholder=\"nombre\" \/><\/span>\n      <\/div>\n<div class=\"form-group\">\n <span class=\"wpcf7-form-control-wrap email-257\"><input type=\"email\" name=\"email-257\" value=\"\" size=\"40\" class=\"wpcf7-form-control wpcf7-text wpcf7-email wpcf7-validates-as-required wpcf7-validates-as-email form-control\" id=\"your_email\" aria-required=\"true\" aria-invalid=\"false\" placeholder=\"Direcci\u00f3n de correo electr\u00f3nico\" \/><\/span>\n      <\/div>\n<div class=\"row\">\n<div class=\"col-md-6\">\n<div class=\"form-group form-date\">\n                llegada<span class=\"wpcf7-form-control-wrap date-375\"><input type=\"date\" name=\"date-375\" value=\"\" class=\"wpcf7-form-control wpcf7-date wpcf7-validates-as-required wpcf7-validates-as-date form-control\" id=\"llegada\" min=\"2026-04-22\" aria-required=\"true\" aria-invalid=\"false\" \/><\/span>\n            <\/div>\n<\/p><\/div>\n<div class=\"col-md-6\">\n<div class=\"form-group form-time\">\n          salida <span class=\"wpcf7-form-control-wrap date-890\"><input type=\"date\" name=\"date-890\" value=\"\" class=\"wpcf7-form-control wpcf7-date wpcf7-validates-as-required wpcf7-validates-as-date form-control\" id=\"abreise\" min=\"2026-04-22\" aria-required=\"true\" aria-invalid=\"false\" \/><\/span>\n            <\/div>\n<\/p><\/div>\n<\/p><\/div>\n<div class=\"form-group\">\n <span class=\"wpcf7-form-control-wrap textarea-492\"><textarea name=\"textarea-492\" cols=\"40\" rows=\"2\" class=\"wpcf7-form-control wpcf7-textarea form-control\" id=\"your_message\" aria-invalid=\"false\" placeholder=\"Su mensaje para nosotros\"><\/textarea><\/span>\n<\/div>\n<p><span class=\"wpcf7-form-control-wrap acceptance-250\"><span class=\"wpcf7-form-control wpcf7-acceptance\"><span class=\"wpcf7-list-item\"><label><input type=\"checkbox\" name=\"acceptance-250\" value=\"1\" aria-invalid=\"false\" \/><span class=\"wpcf7-list-item-label\">he le\u00eddo y acepto las <a href=\" https:\/\/finca-casa-mas.com\/es\/one-page\/ \">los t\u00e9rminos y condiciones generales<\/a> y las <a href=\" https:\/\/finca-casa-mas.com\/es\/one-page\/ \">condiciones de reserva<\/a>.<\/span><\/label><\/span><\/span><\/span><\/p>\n<div class=\"form-group\">\n<\/div>\n<p><span class=\"wpcf7-form-control-wrap acceptance-392\"><span class=\"wpcf7-form-control wpcf7-acceptance\"><span class=\"wpcf7-list-item\"><label><input type=\"checkbox\" name=\"acceptance-392\" value=\"1\" aria-invalid=\"false\" \/><span class=\"wpcf7-list-item-label\">he le\u00eddo y acepto la  <a href=\"https:\/\/finca-casa-mas.com\/es\/datenschutzerklaerung\/ \">politica de privacidad <\/a>.<\/span><\/label><\/span><\/span><\/span>\n<\/div>\n<p><input type=\"submit\" value=\"enviar\" class=\"wpcf7-form-control wpcf7-submit btn btn-theme-color\" \/><\/p>\n<p style=\"display: none !important;\"><label>&#916;<textarea name=\"_wpcf7_ak_hp_textarea\" cols=\"45\" rows=\"8\" maxlength=\"100\"><\/textarea><\/label><input type=\"hidden\" id=\"ak_js_1\" name=\"_wpcf7_ak_js\" value=\"133\"\/><script>document.getElementById( \"ak_js_1\" ).setAttribute( \"value\", ( new Date() ).getTime() );<\/script><\/p><div class=\"wpcf7-response-output\" aria-hidden=\"true\"><\/div><\/form><\/div><\/div><div class=\"kc-elm kc-css-121022\" style=\"height: 30px; clear: both; width:100%;\"><\/div><\/div><\/div><div class=\"kc-elm kc-css-665493 kc_col-sm-4 kc_column kc_col-sm-4\"><div class=\"kc-col-container\"><\/div><\/div><\/div><\/div><\/section><\/p>\n","protected":false},"excerpt":{"rendered":"","protected":false},"author":1,"featured_media":0,"parent":0,"menu_order":0,"comment_status":"closed","ping_status":"closed","template":"","meta":[],"yoast_head":"<!-- This site is optimized with the Yoast SEO plugin v15.8 - https:\/\/yoast.com\/wordpress\/plugins\/seo\/ -->\n<title>Contacto &middot; Finca Casa Mas<\/title>\n<meta name=\"robots\" content=\"index, follow, max-snippet:-1, max-image-preview:large, max-video-preview:-1\" \/>\n<link rel=\"canonical\" href=\"https:\/\/finca-casa-mas.com\/es\/contacto\/\" \/>\n<meta property=\"og:locale\" content=\"es_ES\" \/>\n<meta property=\"og:type\" content=\"article\" \/>\n<meta property=\"og:title\" content=\"Contacto &middot; Finca Casa Mas\" \/>\n<meta property=\"og:description\" content=\"\u00a1AQU\u00cd NOS ENCONTRAR\u00c1! DIRECCI\u00d3N: Cami de Son Marimon07650 Santanyi, Spanien CORREO ELECTRONICO: info@finca-casa-mas.com FACEBOOK: @finca_casa_mas INSTAGRAM: @finca_casa_mas \u00a1NOS ENCANTA SABER DE USTED! Solicitud de reserva Llegada Salida he leido y acepto las los t\u00e9rminos y condiciones y las condiciones de reserva. he leido y acepto la politica de privacidad .\" \/>\n<meta property=\"og:url\" content=\"https:\/\/finca-casa-mas.com\/es\/contacto\/\" \/>\n<meta property=\"og:site_name\" content=\"Finca Casa Mas\" \/>\n<meta property=\"article:publisher\" content=\"https:\/\/www.facebook.com\/Finca-Casa-Mas-382070421952792\/\" \/>\n<meta property=\"article:modified_time\" content=\"2021-01-21T20:36:40+00:00\" \/>\n<meta property=\"og:image\" content=\"https:\/\/finca-casa-mas.com\/wp-content\/uploads\/2021\/02\/Vorschaubild.jpg\" \/>\n\t<meta property=\"og:image:width\" content=\"300\" \/>\n\t<meta property=\"og:image:height\" content=\"299\" \/>\n<meta name=\"twitter:card\" content=\"summary_large_image\" \/>\n<script type=\"application\/ld+json\" class=\"yoast-schema-graph\">{\"@context\":\"https:\/\/schema.org\",\"@graph\":[{\"@type\":\"Organization\",\"@id\":\"https:\/\/finca-casa-mas.com\/#organization\",\"name\":\"Finca Casa Mas\",\"url\":\"https:\/\/finca-casa-mas.com\/\",\"sameAs\":[\"https:\/\/www.facebook.com\/Finca-Casa-Mas-382070421952792\/\",\"https:\/\/www.instagram.com\/finca_casa_mas\/?hl=de\",\"https:\/\/www.youtube.com\/channel\/UC66cgDDL-6PukWMMe9bpwGg\"],\"logo\":{\"@type\":\"ImageObject\",\"@id\":\"https:\/\/finca-casa-mas.com\/#logo\",\"inLanguage\":\"es\",\"url\":\"https:\/\/finca-casa-mas.com\/wp-content\/uploads\/2020\/11\/logo-Casa-Mas-blk_dark-1.png\",\"width\":1417,\"height\":591,\"caption\":\"Finca Casa Mas\"},\"image\":{\"@id\":\"https:\/\/finca-casa-mas.com\/#logo\"}},{\"@type\":\"WebSite\",\"@id\":\"https:\/\/finca-casa-mas.com\/#website\",\"url\":\"https:\/\/finca-casa-mas.com\/\",\"name\":\"Finca Casa Mas\",\"description\":\"Santanyi\",\"publisher\":{\"@id\":\"https:\/\/finca-casa-mas.com\/#organization\"},\"potentialAction\":[{\"@type\":\"SearchAction\",\"target\":\"https:\/\/finca-casa-mas.com\/?s={search_term_string}\",\"query-input\":\"required name=search_term_string\"}],\"inLanguage\":\"es\"},{\"@type\":\"WebPage\",\"@id\":\"https:\/\/finca-casa-mas.com\/es\/contacto\/#webpage\",\"url\":\"https:\/\/finca-casa-mas.com\/es\/contacto\/\",\"name\":\"Contacto &middot; Finca Casa Mas\",\"isPartOf\":{\"@id\":\"https:\/\/finca-casa-mas.com\/#website\"},\"datePublished\":\"2021-01-11T02:59:10+00:00\",\"dateModified\":\"2021-01-21T20:36:40+00:00\",\"breadcrumb\":{\"@id\":\"https:\/\/finca-casa-mas.com\/es\/contacto\/#breadcrumb\"},\"inLanguage\":\"es\",\"potentialAction\":[{\"@type\":\"ReadAction\",\"target\":[\"https:\/\/finca-casa-mas.com\/es\/contacto\/\"]}]},{\"@type\":\"BreadcrumbList\",\"@id\":\"https:\/\/finca-casa-mas.com\/es\/contacto\/#breadcrumb\",\"itemListElement\":[{\"@type\":\"ListItem\",\"position\":1,\"item\":{\"@type\":\"WebPage\",\"@id\":\"https:\/\/finca-casa-mas.com\/es\/\",\"url\":\"https:\/\/finca-casa-mas.com\/es\/\",\"name\":\"Startseite\"}},{\"@type\":\"ListItem\",\"position\":2,\"item\":{\"@type\":\"WebPage\",\"@id\":\"https:\/\/finca-casa-mas.com\/es\/contacto\/\",\"url\":\"https:\/\/finca-casa-mas.com\/es\/contacto\/\",\"name\":\"Contacto\"}}]}]}<\/script>\n<!-- \/ Yoast SEO plugin. -->","_links":{"self":[{"href":"https:\/\/finca-casa-mas.com\/es\/wp-json\/wp\/v2\/pages\/18142\/"}],"collection":[{"href":"https:\/\/finca-casa-mas.com\/es\/wp-json\/wp\/v2\/pages\/"}],"about":[{"href":"https:\/\/finca-casa-mas.com\/es\/wp-json\/wp\/v2\/types\/page\/"}],"author":[{"embeddable":true,"href":"https:\/\/finca-casa-mas.com\/es\/wp-json\/wp\/v2\/users\/1\/"}],"replies":[{"embeddable":true,"href":"https:\/\/finca-casa-mas.com\/es\/wp-json\/wp\/v2\/comments\/?post=18142"}],"version-history":[{"count":0,"href":"https:\/\/finca-casa-mas.com\/es\/wp-json\/wp\/v2\/pages\/18142\/revisions\/"}],"wp:attachment":[{"href":"https:\/\/finca-casa-mas.com\/es\/wp-json\/wp\/v2\/media\/?parent=18142"}],"curies":[{"name":"wp","href":"https:\/\/api.w.org\/{rel}","templated":true}]}}